{"id":2213,"date":"2022-12-19T11:30:48","date_gmt":"2022-12-19T11:30:48","guid":{"rendered":"https:\/\/nagel-verden.hdw-verden.de\/?page_id=2213"},"modified":"2025-05-14T07:51:14","modified_gmt":"2025-05-14T07:51:14","slug":"jobs","status":"publish","type":"page","link":"https:\/\/www.nagel-verden.de\/?page_id=2213","title":{"rendered":"Jobs"},"content":{"rendered":"<div id='layer_slider_1'  class='avia-layerslider main_color avia-shadow  avia-builder-el-0  el_before_av_section  avia-builder-el-first  container_wrap fullsize'  style='height: 501px; max-width: 2500px; margin: 0 auto;'  ><\/div>\n<div id='av_section_1'  class='avia-section av-9oc4lx-02ac507498bf285c3ce956b02aae5c4f main_color avia-section-default avia-no-border-styling  avia-builder-el-1  el_after_av_layerslider  avia-builder-el-last  avia-bg-style-scroll container_wrap fullsize'  ><div class='container av-section-cont-open' ><div class='template-page content  av-content-full alpha units'><div class='post-entry post-entry-type-page post-entry-2213'><div class='entry-content-wrapper clearfix'>\n\n<style type=\"text\/css\" data-created_by=\"avia_inline_auto\" id=\"style-css-av-6s7mmd-0ce6348abebc3ecc7918e6163a2b7665\">\n.flex_column.av-6s7mmd-0ce6348abebc3ecc7918e6163a2b7665{\npadding:25px 25px 5px 25px;\nbackground-color:#eaeaea;\n}\n<\/style>\n<div  class='flex_column av-6s7mmd-0ce6348abebc3ecc7918e6163a2b7665 av_one_third  avia-builder-el-2  el_before_av_two_third  avia-builder-el-first  first flex_column_div  '     ><p><section  class='av_textblock_section av-lbupze2j-246fcd82d0c1edc82be7bd4645289080 '   itemscope=\"itemscope\" itemtype=\"https:\/\/schema.org\/CreativeWork\" ><div class='avia_textblock'  itemprop=\"text\" ><\/div><\/section><br \/>\n\n<style type=\"text\/css\" data-created_by=\"avia_inline_auto\" id=\"style-css-av-lbur9g3s-20b020025ff430251de1dd09dab21ed6\">\n#top .avia-testimonial-wrapper.av-lbur9g3s-20b020025ff430251de1dd09dab21ed6 .avia-testimonial-content{\nfont-size:21px;\n}\n#top .avia-testimonial-wrapper.av-lbur9g3s-20b020025ff430251de1dd09dab21ed6 .avia-testimonial-name{\nfont-size:15px;\n}\n<\/style>\n<div  class='avia-testimonial-wrapper av-lbur9g3s-20b020025ff430251de1dd09dab21ed6 avia-grid-testimonials avia-grid-1-testimonials avia_animate_when_almost_visible' >\n<section class=\"avia-testimonial-row\"><div class='avia-testimonial av-lbur7uw6-b26aac99bd7e13938713a7c958c1e20a avia-testimonial-row-1 avia-first-testimonial flex_column no_margin av_one_full'><div class='avia-testimonial_inner'  itemscope=\"itemscope\" itemtype=\"https:\/\/schema.org\/CreativeWork\" ><div class='avia-testimonial-image'  itemprop=\"image\" ><img loading=\"lazy\" decoding=\"async\" width=\"180\" height=\"180\" src=\"https:\/\/www.nagel-verden.de\/wp-content\/uploads\/2023\/01\/Jana-180x180.jpg\" class=\"attachment-square size-square\" alt=\"\" srcset=\"https:\/\/www.nagel-verden.de\/wp-content\/uploads\/2023\/01\/Jana-180x180.jpg 180w, https:\/\/www.nagel-verden.de\/wp-content\/uploads\/2023\/01\/Jana-80x80.jpg 80w, https:\/\/www.nagel-verden.de\/wp-content\/uploads\/2023\/01\/Jana-36x36.jpg 36w\" sizes=\"auto, (max-width: 180px) 100vw, 180px\" \/><\/div><div class='avia-testimonial-content '><div class='avia-testimonial-markup-entry-content'  itemprop=\"text\" ><p>Bewerbung per Mail an<\/p>\n<\/div><\/div><div class=\"avia-testimonial-meta\"><div class=\"avia-testimonial-arrow-wrap\"><div class=\"avia-arrow\"><\/div><\/div><div class='avia-testimonial-meta-mini'  itemprop=\"author\" itemscope=\"itemscope\" itemtype=\"https:\/\/schema.org\/Person\" ><strong  class='avia-testimonial-name'  itemprop=\"name\" >Jana-Carina Nagel<\/strong><span  class='avia-testimonial-subtitle '  itemprop=\"jobTitle\" ><a href=\"mailto:j.nagel@nagel-verden.de\">j.nagel@nagel-verden.de<\/a><\/span><\/div><\/div><\/div><\/div><\/section>\n<\/div><\/p><\/div>\n<style type=\"text\/css\" data-created_by=\"avia_inline_auto\" id=\"style-css-av-6d9nc5-04cf30d1875c2f7d752ae9b985776d3e\">\n.flex_column.av-6d9nc5-04cf30d1875c2f7d752ae9b985776d3e{\npadding:25px 25px 10px 25px;\n}\n<\/style>\n<div  class='flex_column av-6d9nc5-04cf30d1875c2f7d752ae9b985776d3e av_two_third  avia-builder-el-5  el_after_av_one_third  avia-builder-el-last  flex_column_div  '     ><p>\n<style type=\"text\/css\" data-created_by=\"avia_inline_auto\" id=\"style-css-av-lbuq2hcf-149805b201ef6a226cdffe65d7186e64\">\n#top #wrap_all .iconbox.av-lbuq2hcf-149805b201ef6a226cdffe65d7186e64 .iconbox_content_title{\nfont-size:23px;\n}\n<\/style>\n<article  class='iconbox iconbox_left av-lbuq2hcf-149805b201ef6a226cdffe65d7186e64  avia-builder-el-6  el_before_av_tab_container  avia-builder-el-first '  itemscope=\"itemscope\" itemtype=\"https:\/\/schema.org\/CreativeWork\" ><div class=\"iconbox_content\"><header class=\"entry-content-header\" aria-label=\"Icon: \"><div class='iconbox_icon heading-color avia-iconfont avia-font-entypo-fontello' data-av_icon='\ue83f' data-av_iconfont='entypo-fontello'  ><\/div><\/header><div class='iconbox_content_container '  itemprop=\"text\" ><\/div><\/div><footer class=\"entry-footer\"><\/footer><\/article><br \/>\n<div  class='tabcontainer av-lbuqe1i1-9b25cd3020ca88cc2532a093acca233f top_tab  avia-builder-el-7  el_after_av_icon_box  avia-builder-el-last '>\n<section class='av_tab_section av_tab_section av-lbuq9n9d-5249a448569dd6170827990bf5a37399'  itemscope=\"itemscope\" itemtype=\"https:\/\/schema.org\/CreativeWork\" ><div id='tab-id-1-tab' class='tab active_tab' role='tab' aria-selected=\"true\" tabindex=\"0\" data-fake-id='#tab-id-1' aria-controls='tab-id-1-content'  itemprop=\"headline\" >Wir erwarten<\/div><div id='tab-id-1-content' class='tab_content active_tab_content' role='tabpanel' aria-labelledby='tab-id-1-tab' aria-hidden=\"false\"><div class='tab_inner_content invers-color'  itemprop=\"text\" ><ul>\n<li>Motivation<\/li>\n<li>Teamf\u00e4higkeit<\/li>\n<li>Lernbereitschaft<\/li>\n<li>Zuverl\u00e4ssigkeit<\/li>\n<li>Freundliches Auftreten<\/li>\n<\/ul>\n<\/div><\/div><\/section>\n<section class='av_tab_section av_tab_section av-lbuqbakl-0fa462c81e9e3857189cb0a815a9958c'  itemscope=\"itemscope\" itemtype=\"https:\/\/schema.org\/CreativeWork\" ><div id='tab-id-2-tab' class='tab' role='tab' aria-selected=\"false\" tabindex=\"0\" data-fake-id='#tab-id-2' aria-controls='tab-id-2-content'  itemprop=\"headline\" >Das erwartet Dich<\/div><div id='tab-id-2-content' class='tab_content' role='tabpanel' aria-labelledby='tab-id-2-tab' aria-hidden=\"true\"><div class='tab_inner_content invers-color'  itemprop=\"text\" ><h3>Wir bieten Dir eine herausfordernde und abwechslungsreiche Ausbildung.<\/h3>\n<p>Au\u00dferdem:<\/p>\n<ul>\n<li>Ein famili\u00e4res Team<\/li>\n<li>Einen modernen Fuhrpark<\/li>\n<li>Eine Kollektion an Arbeitsbekleidung<\/li>\n<li>Kostenu\u0308bernahme der Schulbu\u0308cher<\/li>\n<li>Verm\u00f6genswirksame Leistungen<\/li>\n<\/ul>\n<\/div><\/div><\/section>\n<section class='av_tab_section av_tab_section av-lbuqby28-55c6a8e6d9be7b2a794dbca5373460ed'  itemscope=\"itemscope\" itemtype=\"https:\/\/schema.org\/CreativeWork\" ><div id='tab-id-3-tab' class='tab' role='tab' aria-selected=\"false\" tabindex=\"0\" data-fake-id='#tab-id-3' aria-controls='tab-id-3-content'  itemprop=\"headline\" >Info!<\/div><div id='tab-id-3-content' class='tab_content' role='tabpanel' aria-labelledby='tab-id-3-tab' aria-hidden=\"true\"><div class='tab_inner_content invers-color'  itemprop=\"text\" ><p><em><strong>Ein Praktikum jederzeit m\u00f6glich. Au\u00dferdem besteht die M\u00f6glichkeit, deine Lehrzeit zu verku\u0308rzen.<\/strong><\/em><\/p>\n<h4>Wir transportieren Gu\u0308ter mit Verantwortung<\/h4>\n<p>Du f\u00e4hrst nicht nur Gu\u0308ter von A nach B \u2013 Du tr\u00e4gst auch eine gro\u00dfe Verantwortung auf Deinen Schultern. Denn die Waren, die wir transportieren, ben\u00f6tigen oft eine spezielle Behandlung \u2013 sie mu\u0308ssen geku\u0308hlt werden. Medikamente und Lebensmittel zum Beispiel. Weil wir stetig gewachsen und besser geworden sind, haben wir die Erlaubnis dafu\u0308r erhalten, auch diese speziellen Gu\u0308ter zu transportieren. Auf unseren LKW fahren wir diverse Container in unterschiedlichen Gr\u00f6\u00dfen. Angefangen haben wir 1984. Schon damals waren wir spezialisiert auf Seecontainer. Heute trifft man in den deutschen Seeh\u00e4fen auf mindestens einen unserer 41 LKW. So gro\u00df ist unsere Flotte mittlerweile. Wir setzten auf Nachwuchs aus den eigenen Reihen und achten besonders auf eine solide Ausbildung und Weiterentwicklung unserer Auszubildenden und Mitarbeiter\/innen.<\/p>\n<\/div><\/div><\/section>\n<\/div><\/p><\/div>\n","protected":false},"excerpt":{"rendered":"","protected":false},"author":1,"featured_media":0,"parent":0,"menu_order":0,"comment_status":"closed","ping_status":"closed","template":"","meta":{"footnotes":""},"class_list":["post-2213","page","type-page","status-publish","hentry"],"yoast_head":"<!-- This site is optimized with the Yoast SEO plugin v27.5 - https:\/\/yoast.com\/product\/yoast-seo-wordpress\/ -->\n<title>Jobs &#8211; Nagel-Verden<\/title>\n<meta name=\"robots\" content=\"index, follow, max-snippet:-1, max-image-preview:large, max-video-preview:-1\" \/>\n<link rel=\"canonical\" href=\"https:\/\/www.nagel-verden.de\/?page_id=2213\" \/>\n<meta property=\"og:locale\" content=\"de_DE\" \/>\n<meta property=\"og:type\" content=\"article\" \/>\n<meta property=\"og:title\" content=\"Jobs &#8211; Nagel-Verden\" \/>\n<meta property=\"og:url\" content=\"https:\/\/www.nagel-verden.de\/?page_id=2213\" \/>\n<meta property=\"og:site_name\" content=\"Nagel-Verden\" \/>\n<meta property=\"article:modified_time\" content=\"2025-05-14T07:51:14+00:00\" \/>\n<meta property=\"og:image\" content=\"https:\/\/www.nagel-verden.de\/wp-content\/uploads\/2022\/12\/Logo_2.png\" \/>\n\t<meta property=\"og:image:width\" content=\"1189\" \/>\n\t<meta property=\"og:image:height\" content=\"506\" \/>\n\t<meta property=\"og:image:type\" content=\"image\/png\" \/>\n<meta name=\"twitter:card\" content=\"summary_large_image\" \/>\n<meta name=\"twitter:label1\" content=\"Gesch\u00e4tzte Lesezeit\" \/>\n\t<meta name=\"twitter:data1\" content=\"2\u00a0Minuten\" \/>\n<script type=\"application\/ld+json\" class=\"yoast-schema-graph\">{\"@context\":\"https:\\\/\\\/schema.org\",\"@graph\":[{\"@type\":\"WebPage\",\"@id\":\"https:\\\/\\\/www.nagel-verden.de\\\/?page_id=2213\",\"url\":\"https:\\\/\\\/www.nagel-verden.de\\\/?page_id=2213\",\"name\":\"Jobs &#8211; Nagel-Verden\",\"isPartOf\":{\"@id\":\"https:\\\/\\\/www.nagel-verden.de\\\/#website\"},\"datePublished\":\"2022-12-19T11:30:48+00:00\",\"dateModified\":\"2025-05-14T07:51:14+00:00\",\"breadcrumb\":{\"@id\":\"https:\\\/\\\/www.nagel-verden.de\\\/?page_id=2213#breadcrumb\"},\"inLanguage\":\"de\",\"potentialAction\":[{\"@type\":\"ReadAction\",\"target\":[\"https:\\\/\\\/www.nagel-verden.de\\\/?page_id=2213\"]}]},{\"@type\":\"BreadcrumbList\",\"@id\":\"https:\\\/\\\/www.nagel-verden.de\\\/?page_id=2213#breadcrumb\",\"itemListElement\":[{\"@type\":\"ListItem\",\"position\":1,\"name\":\"Startseite\",\"item\":\"https:\\\/\\\/www.nagel-verden.de\\\/?page_id=2009\"},{\"@type\":\"ListItem\",\"position\":2,\"name\":\"Jobs\"}]},{\"@type\":\"WebSite\",\"@id\":\"https:\\\/\\\/www.nagel-verden.de\\\/#website\",\"url\":\"https:\\\/\\\/www.nagel-verden.de\\\/\",\"name\":\"Nagel-Verden\",\"description\":\"\",\"publisher\":{\"@id\":\"https:\\\/\\\/www.nagel-verden.de\\\/#organization\"},\"potentialAction\":[{\"@type\":\"SearchAction\",\"target\":{\"@type\":\"EntryPoint\",\"urlTemplate\":\"https:\\\/\\\/www.nagel-verden.de\\\/?s={search_term_string}\"},\"query-input\":{\"@type\":\"PropertyValueSpecification\",\"valueRequired\":true,\"valueName\":\"search_term_string\"}}],\"inLanguage\":\"de\"},{\"@type\":\"Organization\",\"@id\":\"https:\\\/\\\/www.nagel-verden.de\\\/#organization\",\"name\":\"Nagel-Verden Transportgesellschaft mbH\",\"url\":\"https:\\\/\\\/www.nagel-verden.de\\\/\",\"logo\":{\"@type\":\"ImageObject\",\"inLanguage\":\"de\",\"@id\":\"https:\\\/\\\/www.nagel-verden.de\\\/#\\\/schema\\\/logo\\\/image\\\/\",\"url\":\"https:\\\/\\\/www.nagel-verden.de\\\/wp-content\\\/uploads\\\/2022\\\/12\\\/Favicon.svg\",\"contentUrl\":\"https:\\\/\\\/www.nagel-verden.de\\\/wp-content\\\/uploads\\\/2022\\\/12\\\/Favicon.svg\",\"width\":1,\"height\":1,\"caption\":\"Nagel-Verden Transportgesellschaft mbH\"},\"image\":{\"@id\":\"https:\\\/\\\/www.nagel-verden.de\\\/#\\\/schema\\\/logo\\\/image\\\/\"}}]}<\/script>\n<!-- \/ Yoast SEO plugin. -->","yoast_head_json":{"title":"Jobs &#8211; Nagel-Verden","robots":{"index":"index","follow":"follow","max-snippet":"max-snippet:-1","max-image-preview":"max-image-preview:large","max-video-preview":"max-video-preview:-1"},"canonical":"https:\/\/www.nagel-verden.de\/?page_id=2213","og_locale":"de_DE","og_type":"article","og_title":"Jobs &#8211; Nagel-Verden","og_url":"https:\/\/www.nagel-verden.de\/?page_id=2213","og_site_name":"Nagel-Verden","article_modified_time":"2025-05-14T07:51:14+00:00","og_image":[{"width":1189,"height":506,"url":"https:\/\/www.nagel-verden.de\/wp-content\/uploads\/2022\/12\/Logo_2.png","type":"image\/png"}],"twitter_card":"summary_large_image","twitter_misc":{"Gesch\u00e4tzte Lesezeit":"2\u00a0Minuten"},"schema":{"@context":"https:\/\/schema.org","@graph":[{"@type":"WebPage","@id":"https:\/\/www.nagel-verden.de\/?page_id=2213","url":"https:\/\/www.nagel-verden.de\/?page_id=2213","name":"Jobs &#8211; Nagel-Verden","isPartOf":{"@id":"https:\/\/www.nagel-verden.de\/#website"},"datePublished":"2022-12-19T11:30:48+00:00","dateModified":"2025-05-14T07:51:14+00:00","breadcrumb":{"@id":"https:\/\/www.nagel-verden.de\/?page_id=2213#breadcrumb"},"inLanguage":"de","potentialAction":[{"@type":"ReadAction","target":["https:\/\/www.nagel-verden.de\/?page_id=2213"]}]},{"@type":"BreadcrumbList","@id":"https:\/\/www.nagel-verden.de\/?page_id=2213#breadcrumb","itemListElement":[{"@type":"ListItem","position":1,"name":"Startseite","item":"https:\/\/www.nagel-verden.de\/?page_id=2009"},{"@type":"ListItem","position":2,"name":"Jobs"}]},{"@type":"WebSite","@id":"https:\/\/www.nagel-verden.de\/#website","url":"https:\/\/www.nagel-verden.de\/","name":"Nagel-Verden","description":"","publisher":{"@id":"https:\/\/www.nagel-verden.de\/#organization"},"potentialAction":[{"@type":"SearchAction","target":{"@type":"EntryPoint","urlTemplate":"https:\/\/www.nagel-verden.de\/?s={search_term_string}"},"query-input":{"@type":"PropertyValueSpecification","valueRequired":true,"valueName":"search_term_string"}}],"inLanguage":"de"},{"@type":"Organization","@id":"https:\/\/www.nagel-verden.de\/#organization","name":"Nagel-Verden Transportgesellschaft mbH","url":"https:\/\/www.nagel-verden.de\/","logo":{"@type":"ImageObject","inLanguage":"de","@id":"https:\/\/www.nagel-verden.de\/#\/schema\/logo\/image\/","url":"https:\/\/www.nagel-verden.de\/wp-content\/uploads\/2022\/12\/Favicon.svg","contentUrl":"https:\/\/www.nagel-verden.de\/wp-content\/uploads\/2022\/12\/Favicon.svg","width":1,"height":1,"caption":"Nagel-Verden Transportgesellschaft mbH"},"image":{"@id":"https:\/\/www.nagel-verden.de\/#\/schema\/logo\/image\/"}}]}},"_links":{"self":[{"href":"https:\/\/www.nagel-verden.de\/index.php?rest_route=\/wp\/v2\/pages\/2213","targetHints":{"allow":["GET"]}}],"collection":[{"href":"https:\/\/www.nagel-verden.de\/index.php?rest_route=\/wp\/v2\/pages"}],"about":[{"href":"https:\/\/www.nagel-verden.de\/index.php?rest_route=\/wp\/v2\/types\/page"}],"author":[{"embeddable":true,"href":"https:\/\/www.nagel-verden.de\/index.php?rest_route=\/wp\/v2\/users\/1"}],"replies":[{"embeddable":true,"href":"https:\/\/www.nagel-verden.de\/index.php?rest_route=%2Fwp%2Fv2%2Fcomments&post=2213"}],"version-history":[{"count":21,"href":"https:\/\/www.nagel-verden.de\/index.php?rest_route=\/wp\/v2\/pages\/2213\/revisions"}],"predecessor-version":[{"id":2470,"href":"https:\/\/www.nagel-verden.de\/index.php?rest_route=\/wp\/v2\/pages\/2213\/revisions\/2470"}],"wp:attachment":[{"href":"https:\/\/www.nagel-verden.de\/index.php?rest_route=%2Fwp%2Fv2%2Fmedia&parent=2213"}],"curies":[{"name":"wp","href":"https:\/\/api.w.org\/{rel}","templated":true}]}}